{"id":3136,"date":"2025-01-17T11:55:00","date_gmt":"2025-01-17T10:55:00","guid":{"rendered":"https:\/\/cometis.de\/event-archive\/"},"modified":"2025-02-18T14:19:41","modified_gmt":"2025-02-18T13:19:41","slug":"archive","status":"publish","type":"page","link":"https:\/\/www.cometis.de\/en\/archive\/","title":{"rendered":"Event Archive"},"content":{"rendered":"\t\t<div data-elementor-type=\"wp-page\" data-elementor-id=\"3136\" class=\"elementor elementor-3136 elementor-2603\" data-elementor-post-type=\"page\">\n\t\t\t\t<div class=\"elementor-element elementor-element-9d9d125 e-flex e-con-boxed e-con e-parent\" data-id=\"9d9d125\" data-element_type=\"container\" data-e-type=\"container\">\n\t\t\t\t\t<div class=\"e-con-inner\">\n\t\t\t\t<div class=\"elementor-element elementor-element-6e63c45 elementor-widget elementor-widget-template\" data-id=\"6e63c45\" data-element_type=\"widget\" data-e-type=\"widget\" data-widget_type=\"template.default\">\n\t\t\t\t<div class=\"elementor-widget-container\">\n\t\t\t\t\t\t\t<div class=\"elementor-template\">\n\t\t\t\t\t<div data-elementor-type=\"section\" data-elementor-id=\"766\" class=\"elementor elementor-766\" data-elementor-post-type=\"elementor_library\">\n\t\t\t<div class=\"elementor-element elementor-element-1f34e34 e-flex e-con-boxed e-con e-parent\" data-id=\"1f34e34\" data-element_type=\"container\" data-e-type=\"container\">\n\t\t\t\t\t<div class=\"e-con-inner\">\n\t\t<div class=\"elementor-element elementor-element-e68c844 e-con-full e-flex e-con e-child\" data-id=\"e68c844\" data-element_type=\"container\" data-e-type=\"container\" data-settings=\"{&quot;background_background&quot;:&quot;classic&quot;}\">\n\t\t\t\t<\/div>\n\t\t<div class=\"elementor-element elementor-element-b7dac6f e-con-full e-flex e-con e-child\" data-id=\"b7dac6f\" data-element_type=\"container\" data-e-type=\"container\">\n\t\t\t\t<div class=\"elementor-element elementor-element-ce54cc3 elementor-align-left elementor-widget elementor-widget-breadcrumbs\" data-id=\"ce54cc3\" data-element_type=\"widget\" data-e-type=\"widget\" data-widget_type=\"breadcrumbs.default\">\n\t\t\t\t<div class=\"elementor-widget-container\">\n\t\t\t\t\t<div id=\"breadcrumbs\"><span><span><a href=\"https:\/\/www.cometis.de\/en\/\">Home<\/a><\/span><\/span><\/div>\t\t\t\t<\/div>\n\t\t\t\t<\/div>\n\t\t\t\t<\/div>\n\t\t\t\t\t<\/div>\n\t\t\t\t<\/div>\n\t\t\t\t<\/div>\n\t\t\t\t<\/div>\n\t\t\t\t\t\t<\/div>\n\t\t\t\t<\/div>\n\t\t\t\t\t<\/div>\n\t\t\t\t<\/div>\n\t\t<div class=\"elementor-element elementor-element-17d0fa1 cmn-sidebar-content archive-common-page e-flex e-con-boxed e-con e-parent\" data-id=\"17d0fa1\" data-element_type=\"container\" data-e-type=\"container\" data-settings=\"{&quot;background_motion_fx_motion_fx_scrolling&quot;:&quot;yes&quot;,&quot;background_motion_fx_translateY_effect&quot;:&quot;yes&quot;,&quot;background_motion_fx_translateY_speed&quot;:{&quot;unit&quot;:&quot;px&quot;,&quot;size&quot;:2,&quot;sizes&quot;:[]},&quot;background_motion_fx_translateY_direction&quot;:&quot;negative&quot;,&quot;background_background&quot;:&quot;classic&quot;,&quot;background_motion_fx_translateY_affectedRange&quot;:{&quot;unit&quot;:&quot;%&quot;,&quot;size&quot;:&quot;&quot;,&quot;sizes&quot;:{&quot;start&quot;:0,&quot;end&quot;:100}},&quot;background_motion_fx_devices&quot;:[&quot;desktop&quot;,&quot;tablet&quot;,&quot;mobile&quot;]}\">\n\t\t\t\t\t<div class=\"e-con-inner\">\n\t\t<div class=\"elementor-element elementor-element-c0b36d4 e-con-full cmn-sidebar-content p-100 e-flex e-con e-child\" data-id=\"c0b36d4\" data-element_type=\"container\" data-e-type=\"container\">\n\t\t<div class=\"elementor-element elementor-element-0595dd6 e-con-full cmn-content-box e-flex e-con e-child\" data-id=\"0595dd6\" data-element_type=\"container\" data-e-type=\"container\">\n\t\t\t\t<div class=\"elementor-element elementor-element-f8ab908 elementor-widget elementor-widget-heading\" data-id=\"f8ab908\" data-element_type=\"widget\" data-e-type=\"widget\" data-widget_type=\"heading.default\">\n\t\t\t\t<div class=\"elementor-widget-container\">\n\t\t\t\t\t<h2 class=\"elementor-heading-title elementor-size-default\">Event Archive<\/h2>\t\t\t\t<\/div>\n\t\t\t\t<\/div>\n\t\t<div class=\"elementor-element elementor-element-b3dd749 e-con-full cmn-content-box-container e-flex e-con e-child\" data-id=\"b3dd749\" data-element_type=\"container\" data-e-type=\"container\">\n\t\t\t\t<div class=\"elementor-element elementor-element-cee0630 elementor-widget elementor-widget-shortcode\" data-id=\"cee0630\" data-element_type=\"widget\" data-e-type=\"widget\" data-widget_type=\"shortcode.default\">\n\t\t\t\t<div class=\"elementor-widget-container\">\n\t\t\t\t\t\t\t<div class=\"elementor-shortcode\"><div class=\"custom-category-posts-container\"><div class=\"custom-category-post\"><div class=\"custom-post-image\"><img decoding=\"async\" src=\"https:\/\/www.cometis.de\/wp-content\/uploads\/2024\/12\/IR_23_BANNERS.webp\" alt=\"all about IR 2023\"><\/div><h3 class=\"custom-post-title\">all about IR 2023<\/h3><div class=\"custom-post-date\">30.12.22<\/div><div class=\"custom-post-excerpt\">The IR Conference 2023 will be a dual conference format this year. Instead of one week, we will hold three events throughout the year in different German cities. We will organize 100% virtual learning sessions and at the end of...<\/div><a href=\"https:\/\/www.cometis.de\/en\/all-about-ir-2023\/\" class=\"custom-read-more-button\">Read More<\/a><\/div><div class=\"custom-category-post\"><div class=\"custom-post-image\"><img decoding=\"async\" src=\"https:\/\/www.cometis.de\/wp-content\/uploads\/2022\/02\/Image-41.jpg\" alt=\"IR 2022 \u2013 Virtual Week\"><\/div><h3 class=\"custom-post-title\">IR 2022 \u2013 Virtual Week<\/h3><div class=\"custom-post-date\">01.02.22<\/div><div class=\"custom-post-excerpt\">F\u00fcnf Tage und ein hochkar\u00e4tig besetztes Speaker-Programm lassen auch 2022 keine W\u00fcnsche offen. Von ShareID bis ESG, von Shareholder bis Stakeholder, von gegenw\u00e4rtigen Fragestellungen bis zu den Trends von morgen \u2013 lassen Sie sich inspirieren. Das vollst\u00e4ndige Programm finden Sie...<\/div><a href=\"https:\/\/www.cometis.de\/en\/ir-2022-virtual-week-2\/\" class=\"custom-read-more-button\">Read More<\/a><\/div><div class=\"custom-category-post\"><div class=\"custom-post-image\"><img decoding=\"async\" src=\"https:\/\/www.cometis.de\/wp-content\/uploads\/2022\/01\/Image-41.jpg\" alt=\"IR 2022 \u2013 Virtual Week\"><\/div><h3 class=\"custom-post-title\">IR 2022 \u2013 Virtual Week<\/h3><div class=\"custom-post-date\">01.02.22<\/div><div class=\"custom-post-excerpt\">Five days and a top-class speaker programme will leave nothing to be desired in 2022. From ShareID to ESG, from shareholders to stakeholders, from current issues to the trends of tomorrow - let yourself be inspired. You can find the...<\/div><a href=\"https:\/\/www.cometis.de\/en\/ir-2022-virtual-week\/\" class=\"custom-read-more-button\">Read More<\/a><\/div><div class=\"custom-category-post\"><div class=\"custom-post-image\"><img decoding=\"async\" src=\"https:\/\/www.cometis.de\/wp-content\/uploads\/2022\/05\/Header_banner_1904px_201023_Zeichenfl__che_11.jpg\" alt=\"IR 2021 &#8211; Virtual Week\"><\/div><h3 class=\"custom-post-title\">IR 2021 &#8211; Virtual Week<\/h3><div class=\"custom-post-date\">25.01.21<\/div><div class=\"custom-post-excerpt\">The Corona pandemic had a strong impact on our IR conference in 2021. For the first time, it was held in the digital world \u2013 therefore, we directly tried to make the best use of the opportunities. We turned one...<\/div><a href=\"https:\/\/www.cometis.de\/en\/ir-2021-virtual-week\/\" class=\"custom-read-more-button\">Read More<\/a><\/div><div class=\"custom-category-post\"><h3 class=\"custom-post-title\">IR 2020<\/h3><div class=\"custom-post-date\">29.01.20<\/div><div class=\"custom-post-excerpt\">With more than 200 investor relations professionals, the conference not only experienced record attendance, but also top ratings (\u00d8 2.0) for the presentations by the first-class speakers. Every single request to speak, every exchange that came about ultimately made the...<\/div><a href=\"https:\/\/www.cometis.de\/en\/ir-2020\/\" class=\"custom-read-more-button\">Read More<\/a><\/div><div class=\"custom-category-post\"><div class=\"custom-post-image\"><img decoding=\"async\" src=\"https:\/\/www.cometis.de\/wp-content\/uploads\/2022\/05\/20191.jpg\" alt=\"IR 2019\"><\/div><h3 class=\"custom-post-title\">IR 2019<\/h3><div class=\"custom-post-date\">29.01.19<\/div><div class=\"custom-post-excerpt\">On Tuesday, 29 January the seventh edition of the \u201cConference of the IR Community\u201d was held at the Sofitel Opera Frankfurt.: a full success! More than 180 IR experts were present, exchanged views on current investor relations topics and benefited...<\/div><a href=\"https:\/\/www.cometis.de\/en\/ir-2019\/\" class=\"custom-read-more-button\">Read More<\/a><\/div><div class=\"custom-category-post\"><div class=\"custom-post-image\"><img decoding=\"async\" src=\"https:\/\/www.cometis.de\/wp-content\/uploads\/2022\/05\/20181.jpg\" alt=\"IR 2018\"><\/div><h3 class=\"custom-post-title\">IR 2018<\/h3><div class=\"custom-post-date\">28.01.18<\/div><div class=\"custom-post-excerpt\">On January 30, 2018, our Investor Relations Conference \u2013 the IR 2018 \u2013 was held in Frankfurt am Main for the sixth time. Over the last years, the conference has established itself as a central event for the German and...<\/div><a href=\"https:\/\/www.cometis.de\/en\/ir-2018\/\" class=\"custom-read-more-button\">Read More<\/a><\/div><div class=\"custom-category-post\"><div class=\"custom-post-image\"><img decoding=\"async\" src=\"https:\/\/www.cometis.de\/wp-content\/uploads\/2022\/05\/2017_011.jpg\" alt=\"IR 2017\"><\/div><h3 class=\"custom-post-title\">IR 2017<\/h3><div class=\"custom-post-date\">27.01.17<\/div><div class=\"custom-post-excerpt\">IR 2017 with its enjoyable networking atmosphere and professional exchange at the highest level opened its doors once again in January. As in the previous years, we managed to welcome once again competent speakers from the whole range of the...<\/div><a href=\"https:\/\/www.cometis.de\/en\/ir-2017\/\" class=\"custom-read-more-button\">Read More<\/a><\/div><div class=\"custom-category-post\"><div class=\"custom-post-image\"><img decoding=\"async\" src=\"https:\/\/www.cometis.de\/wp-content\/uploads\/2022\/05\/2016_011.jpg\" alt=\"IR 2016\"><\/div><h3 class=\"custom-post-title\">IR 2016<\/h3><div class=\"custom-post-date\">27.01.16<\/div><div class=\"custom-post-excerpt\">There are many conferences and events, therefore the challenge is to stand out from the crowd. For this reason, four years ago, we developed a new conference concept to inspire all those who share a passion for investor relations. Strategic...<\/div><a href=\"https:\/\/www.cometis.de\/en\/ir-2016\/\" class=\"custom-read-more-button\">Read More<\/a><\/div><div class=\"custom-category-post\"><div class=\"custom-post-image\"><img decoding=\"async\" src=\"https:\/\/www.cometis.de\/wp-content\/uploads\/2022\/05\/2015_011.jpg\" alt=\"IR 2015\"><\/div><h3 class=\"custom-post-title\">IR 2015<\/h3><div class=\"custom-post-date\">28.01.15<\/div><div class=\"custom-post-excerpt\">We already started looking forward to \u201cIR 2015,\u201d which was held at the Jumeirah Frankfurt on Wednesday, January 28, 2015. Networking, competent lecturers and discussions on current issues in the IR industry await you again. Together, we want to identify...<\/div><a href=\"https:\/\/www.cometis.de\/en\/ir-2015-2\/\" class=\"custom-read-more-button\">Read More<\/a><\/div><\/div><\/div>\n\t\t\t\t\t\t<\/div>\n\t\t\t\t<\/div>\n\t\t\t\t<\/div>\n\t\t\t\t<\/div>\n\t\t\t\t<\/div>\n\t\t\t\t\t<\/div>\n\t\t\t\t<\/div>\n\t\t\t\t<\/div>\n\t\t","protected":false},"excerpt":{"rendered":"<p>Event Archive<\/p>\n","protected":false},"author":1,"featured_media":0,"parent":0,"menu_order":0,"comment_status":"closed","ping_status":"open","template":"","meta":{"_acf_changed":false,"footnotes":""},"class_list":["post-3136","page","type-page","status-publish","hentry"],"acf":[],"yoast_head":"<!-- This site is optimized with the Yoast SEO Premium plugin v26.2 (Yoast SEO v27.4) - https:\/\/yoast.com\/product\/yoast-seo-premium-wordpress\/ -->\n<title>Events Archive - cometis AG<\/title>\n<meta name=\"description\" content=\"The event archive. Here you will find all information on past events.\" \/>\n<meta name=\"robots\" content=\"index, follow, max-snippet:-1, max-image-preview:large, max-video-preview:-1\" \/>\n<link rel=\"canonical\" href=\"https:\/\/www.cometis.de\/en\/archive\/\" \/>\n<meta property=\"og:locale\" content=\"en_US\" \/>\n<meta property=\"og:type\" content=\"article\" \/>\n<meta property=\"og:title\" content=\"Event Archive\" \/>\n<meta property=\"og:description\" content=\"The event archive. Here you will find all information on past events.\" \/>\n<meta property=\"og:url\" content=\"https:\/\/www.cometis.de\/en\/archive\/\" \/>\n<meta property=\"og:site_name\" content=\"cometis AG\" \/>\n<meta property=\"article:modified_time\" content=\"2025-02-18T13:19:41+00:00\" \/>\n<meta property=\"og:image\" content=\"https:\/\/www.cometis.de\/wp-content\/uploads\/2024\/12-old\/Cometis-Mobile-Logo-1.png\" \/>\n\t<meta property=\"og:image:width\" content=\"171\" \/>\n\t<meta property=\"og:image:height\" content=\"31\" \/>\n\t<meta property=\"og:image:type\" content=\"image\/png\" \/>\n<meta name=\"twitter:card\" content=\"summary_large_image\" \/>\n<meta name=\"twitter:label1\" content=\"Est. reading time\" \/>\n\t<meta name=\"twitter:data1\" content=\"1 minute\" \/>\n<script type=\"application\/ld+json\" class=\"yoast-schema-graph\">{\"@context\":\"https:\\\/\\\/schema.org\",\"@graph\":[{\"@type\":\"WebPage\",\"@id\":\"https:\\\/\\\/www.cometis.de\\\/en\\\/archive\\\/\",\"url\":\"https:\\\/\\\/www.cometis.de\\\/en\\\/archive\\\/\",\"name\":\"Events Archive - cometis AG\",\"isPartOf\":{\"@id\":\"https:\\\/\\\/www.cometis.de\\\/en\\\/#website\"},\"datePublished\":\"2025-01-17T10:55:00+00:00\",\"dateModified\":\"2025-02-18T13:19:41+00:00\",\"description\":\"The event archive. Here you will find all information on past events.\",\"breadcrumb\":{\"@id\":\"https:\\\/\\\/www.cometis.de\\\/en\\\/archive\\\/#breadcrumb\"},\"inLanguage\":\"en-US\",\"potentialAction\":[{\"@type\":\"ReadAction\",\"target\":[\"https:\\\/\\\/www.cometis.de\\\/en\\\/archive\\\/\"]}]},{\"@type\":\"BreadcrumbList\",\"@id\":\"https:\\\/\\\/www.cometis.de\\\/en\\\/archive\\\/#breadcrumb\",\"itemListElement\":[{\"@type\":\"ListItem\",\"position\":1,\"name\":\"Home\",\"item\":\"https:\\\/\\\/www.cometis.de\\\/en\\\/\"},{\"@type\":\"ListItem\",\"position\":2,\"name\":\"Event Archive\"}]},{\"@type\":\"WebSite\",\"@id\":\"https:\\\/\\\/www.cometis.de\\\/en\\\/#website\",\"url\":\"https:\\\/\\\/www.cometis.de\\\/en\\\/\",\"name\":\"cometis AG\",\"description\":\"Deutschlands f\u00fchrende Investor Relations Agentur\",\"publisher\":{\"@id\":\"https:\\\/\\\/www.cometis.de\\\/en\\\/#organization\"},\"potentialAction\":[{\"@type\":\"SearchAction\",\"target\":{\"@type\":\"EntryPoint\",\"urlTemplate\":\"https:\\\/\\\/www.cometis.de\\\/en\\\/?s={search_term_string}\"},\"query-input\":{\"@type\":\"PropertyValueSpecification\",\"valueRequired\":true,\"valueName\":\"search_term_string\"}}],\"inLanguage\":\"en-US\"},{\"@type\":\"Organization\",\"@id\":\"https:\\\/\\\/www.cometis.de\\\/en\\\/#organization\",\"name\":\"cometis AG\",\"alternateName\":\"Deutschlands f\u00fchrende Investor Relations Agentur\",\"url\":\"https:\\\/\\\/www.cometis.de\\\/en\\\/\",\"logo\":{\"@type\":\"ImageObject\",\"inLanguage\":\"en-US\",\"@id\":\"https:\\\/\\\/www.cometis.de\\\/en\\\/#\\\/schema\\\/logo\\\/image\\\/\",\"url\":\"https:\\\/\\\/www.cometis.de\\\/wp-content\\\/uploads\\\/2024\\\/12-old\\\/Cometis-Mobile-Logo-1.png\",\"contentUrl\":\"https:\\\/\\\/www.cometis.de\\\/wp-content\\\/uploads\\\/2024\\\/12-old\\\/Cometis-Mobile-Logo-1.png\",\"width\":171,\"height\":31,\"caption\":\"cometis AG\"},\"image\":{\"@id\":\"https:\\\/\\\/www.cometis.de\\\/en\\\/#\\\/schema\\\/logo\\\/image\\\/\"},\"sameAs\":[\"https:\\\/\\\/www.linkedin.com\\\/company\\\/cometis-ag\\\/\",\"https:\\\/\\\/www.youtube.com\\\/user\\\/cometisAG\"]}]}<\/script>\n<!-- \/ Yoast SEO Premium plugin. -->","yoast_head_json":{"title":"Events Archive - cometis AG","description":"The event archive. Here you will find all information on past events.","robots":{"index":"index","follow":"follow","max-snippet":"max-snippet:-1","max-image-preview":"max-image-preview:large","max-video-preview":"max-video-preview:-1"},"canonical":"https:\/\/www.cometis.de\/en\/archive\/","og_locale":"en_US","og_type":"article","og_title":"Event Archive","og_description":"The event archive. Here you will find all information on past events.","og_url":"https:\/\/www.cometis.de\/en\/archive\/","og_site_name":"cometis AG","article_modified_time":"2025-02-18T13:19:41+00:00","og_image":[{"width":171,"height":31,"url":"https:\/\/www.cometis.de\/wp-content\/uploads\/2024\/12-old\/Cometis-Mobile-Logo-1.png","type":"image\/png"}],"twitter_card":"summary_large_image","twitter_misc":{"Est. reading time":"1 minute"},"schema":{"@context":"https:\/\/schema.org","@graph":[{"@type":"WebPage","@id":"https:\/\/www.cometis.de\/en\/archive\/","url":"https:\/\/www.cometis.de\/en\/archive\/","name":"Events Archive - cometis AG","isPartOf":{"@id":"https:\/\/www.cometis.de\/en\/#website"},"datePublished":"2025-01-17T10:55:00+00:00","dateModified":"2025-02-18T13:19:41+00:00","description":"The event archive. Here you will find all information on past events.","breadcrumb":{"@id":"https:\/\/www.cometis.de\/en\/archive\/#breadcrumb"},"inLanguage":"en-US","potentialAction":[{"@type":"ReadAction","target":["https:\/\/www.cometis.de\/en\/archive\/"]}]},{"@type":"BreadcrumbList","@id":"https:\/\/www.cometis.de\/en\/archive\/#breadcrumb","itemListElement":[{"@type":"ListItem","position":1,"name":"Home","item":"https:\/\/www.cometis.de\/en\/"},{"@type":"ListItem","position":2,"name":"Event Archive"}]},{"@type":"WebSite","@id":"https:\/\/www.cometis.de\/en\/#website","url":"https:\/\/www.cometis.de\/en\/","name":"cometis AG","description":"Deutschlands f\u00fchrende Investor Relations Agentur","publisher":{"@id":"https:\/\/www.cometis.de\/en\/#organization"},"potentialAction":[{"@type":"SearchAction","target":{"@type":"EntryPoint","urlTemplate":"https:\/\/www.cometis.de\/en\/?s={search_term_string}"},"query-input":{"@type":"PropertyValueSpecification","valueRequired":true,"valueName":"search_term_string"}}],"inLanguage":"en-US"},{"@type":"Organization","@id":"https:\/\/www.cometis.de\/en\/#organization","name":"cometis AG","alternateName":"Deutschlands f\u00fchrende Investor Relations Agentur","url":"https:\/\/www.cometis.de\/en\/","logo":{"@type":"ImageObject","inLanguage":"en-US","@id":"https:\/\/www.cometis.de\/en\/#\/schema\/logo\/image\/","url":"https:\/\/www.cometis.de\/wp-content\/uploads\/2024\/12-old\/Cometis-Mobile-Logo-1.png","contentUrl":"https:\/\/www.cometis.de\/wp-content\/uploads\/2024\/12-old\/Cometis-Mobile-Logo-1.png","width":171,"height":31,"caption":"cometis AG"},"image":{"@id":"https:\/\/www.cometis.de\/en\/#\/schema\/logo\/image\/"},"sameAs":["https:\/\/www.linkedin.com\/company\/cometis-ag\/","https:\/\/www.youtube.com\/user\/cometisAG"]}]}},"_links":{"self":[{"href":"https:\/\/www.cometis.de\/en\/wp-json\/wp\/v2\/pages\/3136","targetHints":{"allow":["GET"]}}],"collection":[{"href":"https:\/\/www.cometis.de\/en\/wp-json\/wp\/v2\/pages"}],"about":[{"href":"https:\/\/www.cometis.de\/en\/wp-json\/wp\/v2\/types\/page"}],"author":[{"embeddable":true,"href":"https:\/\/www.cometis.de\/en\/wp-json\/wp\/v2\/users\/1"}],"replies":[{"embeddable":true,"href":"https:\/\/www.cometis.de\/en\/wp-json\/wp\/v2\/comments?post=3136"}],"version-history":[{"count":9,"href":"https:\/\/www.cometis.de\/en\/wp-json\/wp\/v2\/pages\/3136\/revisions"}],"predecessor-version":[{"id":108061,"href":"https:\/\/www.cometis.de\/en\/wp-json\/wp\/v2\/pages\/3136\/revisions\/108061"}],"wp:attachment":[{"href":"https:\/\/www.cometis.de\/en\/wp-json\/wp\/v2\/media?parent=3136"}],"curies":[{"name":"wp","href":"https:\/\/api.w.org\/{rel}","templated":true}]}}