{"id":4955,"date":"2025-01-23T11:59:41","date_gmt":"2025-01-23T10:59:41","guid":{"rendered":"https:\/\/cometis.de\/services\/bond-communication\/bond-fact-sheet\/"},"modified":"2025-02-18T07:59:13","modified_gmt":"2025-02-18T06:59:13","slug":"bond-fact-sheet","status":"publish","type":"page","link":"https:\/\/www.cometis.de\/en\/services\/bond-communication\/bond-fact-sheet\/","title":{"rendered":"Bond Fact Sheet"},"content":{"rendered":"\t\t<div data-elementor-type=\"wp-page\" data-elementor-id=\"4955\" class=\"elementor elementor-4955 elementor-4953\" data-elementor-post-type=\"page\">\n\t\t\t\t<div class=\"elementor-element elementor-element-4b9d722 e-flex e-con-boxed e-con e-parent\" data-id=\"4b9d722\" data-element_type=\"container\" data-e-type=\"container\">\n\t\t\t\t\t<div class=\"e-con-inner\">\n\t\t\t\t<div class=\"elementor-element elementor-element-8d59766 elementor-widget elementor-widget-template\" data-id=\"8d59766\" data-element_type=\"widget\" data-e-type=\"widget\" data-widget_type=\"template.default\">\n\t\t\t\t<div class=\"elementor-widget-container\">\n\t\t\t\t\t\t\t<div class=\"elementor-template\">\n\t\t\t\t\t<div data-elementor-type=\"section\" data-elementor-id=\"766\" class=\"elementor elementor-766\" data-elementor-post-type=\"elementor_library\">\n\t\t\t<div class=\"elementor-element elementor-element-1f34e34 e-flex e-con-boxed e-con e-parent\" data-id=\"1f34e34\" data-element_type=\"container\" data-e-type=\"container\">\n\t\t\t\t\t<div class=\"e-con-inner\">\n\t\t<div class=\"elementor-element elementor-element-e68c844 e-con-full e-flex e-con e-child\" data-id=\"e68c844\" data-element_type=\"container\" data-e-type=\"container\" data-settings=\"{&quot;background_background&quot;:&quot;classic&quot;}\">\n\t\t\t\t<\/div>\n\t\t<div class=\"elementor-element elementor-element-b7dac6f e-con-full e-flex e-con e-child\" data-id=\"b7dac6f\" data-element_type=\"container\" data-e-type=\"container\">\n\t\t\t\t<div class=\"elementor-element elementor-element-ce54cc3 elementor-align-left elementor-widget elementor-widget-breadcrumbs\" data-id=\"ce54cc3\" data-element_type=\"widget\" data-e-type=\"widget\" data-widget_type=\"breadcrumbs.default\">\n\t\t\t\t<div class=\"elementor-widget-container\">\n\t\t\t\t\t<div id=\"breadcrumbs\"><span><span><a href=\"https:\/\/www.cometis.de\/en\/\">Home<\/a><\/span><\/span><\/div>\t\t\t\t<\/div>\n\t\t\t\t<\/div>\n\t\t\t\t<\/div>\n\t\t\t\t\t<\/div>\n\t\t\t\t<\/div>\n\t\t\t\t<\/div>\n\t\t\t\t<\/div>\n\t\t\t\t\t\t<\/div>\n\t\t\t\t<\/div>\n\t\t\t\t\t<\/div>\n\t\t\t\t<\/div>\n\t\t<div class=\"elementor-element elementor-element-381d0be cmn-sidebar-content e-flex e-con-boxed e-con e-parent\" data-id=\"381d0be\" data-element_type=\"container\" data-e-type=\"container\" data-settings=\"{&quot;background_background&quot;:&quot;classic&quot;,&quot;background_motion_fx_motion_fx_scrolling&quot;:&quot;yes&quot;,&quot;background_motion_fx_translateY_effect&quot;:&quot;yes&quot;,&quot;background_motion_fx_translateY_speed&quot;:{&quot;unit&quot;:&quot;px&quot;,&quot;size&quot;:2,&quot;sizes&quot;:[]},&quot;background_motion_fx_translateY_direction&quot;:&quot;negative&quot;,&quot;background_motion_fx_translateY_affectedRange&quot;:{&quot;unit&quot;:&quot;%&quot;,&quot;size&quot;:&quot;&quot;,&quot;sizes&quot;:{&quot;start&quot;:0,&quot;end&quot;:100}},&quot;background_motion_fx_devices&quot;:[&quot;desktop&quot;,&quot;tablet&quot;,&quot;mobile&quot;]}\">\n\t\t\t\t\t<div class=\"e-con-inner\">\n\t\t<div class=\"elementor-element elementor-element-30de865 e-con-full cmn-sidebar-content p-100 e-flex e-con e-child\" data-id=\"30de865\" data-element_type=\"container\" data-e-type=\"container\">\n\t\t<div class=\"elementor-element elementor-element-166eeca e-con-full cmn-content-box e-flex e-con e-child\" data-id=\"166eeca\" data-element_type=\"container\" data-e-type=\"container\">\n\t\t<div class=\"elementor-element elementor-element-3f07cf0 e-con-full cmn-content-box-container e-flex e-con e-child\" data-id=\"3f07cf0\" data-element_type=\"container\" data-e-type=\"container\">\n\t\t\t\t<div class=\"elementor-element elementor-element-141a427 elementor-widget elementor-widget-heading\" data-id=\"141a427\" data-element_type=\"widget\" data-e-type=\"widget\" data-widget_type=\"heading.default\">\n\t\t\t\t<div class=\"elementor-widget-container\">\n\t\t\t\t\t<h2 class=\"elementor-heading-title elementor-size-default\">Bond fact sheet<\/h2>\t\t\t\t<\/div>\n\t\t\t\t<\/div>\n\t\t\t\t<div class=\"elementor-element elementor-element-818c2f5 elementor-widget elementor-widget-text-editor\" data-id=\"818c2f5\" data-element_type=\"widget\" data-e-type=\"widget\" data-widget_type=\"text-editor.default\">\n\t\t\t\t<div class=\"elementor-widget-container\">\n\t\t\t\t\t\t\t\t\t<p>Ein ansprechendes und klar strukturiertes Bond-Factsheet ist f\u00fcr jeden Anleiheemittenten ein n\u00fctzlicher Begleiter bei Journalisten- und Anlegergespr\u00e4chen. Das auf die Anleiheemission zugeschnittene Factsheet fasst die wesentlichen Fakten Ihres Unternehmens pr\u00e4zise in einem zumeist doppelseitig im DIN A5- oder DIN A4-Format erstellten Dokument zusammen. F\u00fcr Anleger, die mit Ihrem Unternehmen und der Branche bislang noch nicht vertraut sind, bietet das Factsheet einen optimalen \u00dcberblick \u00fcber die wichtigsten Fakten zu Ihrem Unternehmen und Details zur Anleiheemission.<\/p>\t\t\t\t\t\t\t\t<\/div>\n\t\t\t\t<\/div>\n\t\t\t\t<div class=\"elementor-element elementor-element-726e11c cmn-content-box-btn elementor-widget elementor-widget-button\" data-id=\"726e11c\" data-element_type=\"widget\" data-e-type=\"widget\" data-widget_type=\"button.default\">\n\t\t\t\t<div class=\"elementor-widget-container\">\n\t\t\t\t\t\t\t\t\t<div class=\"elementor-button-wrapper\">\n\t\t\t\t\t<a class=\"elementor-button elementor-button-link elementor-size-sm\" href=\"\/en\/cometis-ag\/references\/bond-issue-references\">\n\t\t\t\t\t\t<span class=\"elementor-button-content-wrapper\">\n\t\t\t\t\t\t<span class=\"elementor-button-icon\">\n\t\t\t\t<svg aria-hidden=\"true\" class=\"e-font-icon-svg e-fas-chevron-right\" viewBox=\"0 0 320 512\" xmlns=\"http:\/\/www.w3.org\/2000\/svg\"><path d=\"M285.476 272.971L91.132 467.314c-9.373 9.373-24.569 9.373-33.941 0l-22.667-22.667c-9.357-9.357-9.375-24.522-.04-33.901L188.505 256 34.484 101.255c-9.335-9.379-9.317-24.544.04-33.901l22.667-22.667c9.373-9.373 24.569-9.373 33.941 0L285.475 239.03c9.373 9.372 9.373 24.568.001 33.941z\"><\/path><\/svg>\t\t\t<\/span>\n\t\t\t\t\t\t\t\t\t<span class=\"elementor-button-text\">Client References<\/span>\n\t\t\t\t\t<\/span>\n\t\t\t\t\t<\/a>\n\t\t\t\t<\/div>\n\t\t\t\t\t\t\t\t<\/div>\n\t\t\t\t<\/div>\n\t\t\t\t<\/div>\n\t\t<div class=\"elementor-element elementor-element-6f97593 e-con-full cmn-content-box-container e-flex e-con e-child\" data-id=\"6f97593\" data-element_type=\"container\" data-e-type=\"container\">\n\t\t\t\t<div class=\"elementor-element elementor-element-afaa416 elementor-widget elementor-widget-heading\" data-id=\"afaa416\" data-element_type=\"widget\" data-e-type=\"widget\" data-widget_type=\"heading.default\">\n\t\t\t\t<div class=\"elementor-widget-container\">\n\t\t\t\t\t<h2 class=\"elementor-heading-title elementor-size-default\">A fact sheet presents relevant facts on the bond issuance<\/h2>\t\t\t\t<\/div>\n\t\t\t\t<\/div>\n\t\t\t\t<div class=\"elementor-element elementor-element-5c15733 elementor-widget elementor-widget-text-editor\" data-id=\"5c15733\" data-element_type=\"widget\" data-e-type=\"widget\" data-widget_type=\"text-editor.default\">\n\t\t\t\t<div class=\"elementor-widget-container\">\n\t\t\t\t\t\t\t\t\t<p>Fact sheets contain business and transaction-related information such as business model, history, management, key figures, key transaction data and contact details. A regularly updated company fact sheet focuses on the company\u2019s presentation as well as the historical and current figures and, if necessary, share price information. The bond fact sheet, however, focuses on relevant data of the bond issuance. cometis will help you make the most of your investment highlights. You profit from many years of experience and proven expertise in capital market communication. We know exactly what issues have to be mentioned on a fact sheet in order to highlight and successfully communicate the advantages of your business model.<\/p>\t\t\t\t\t\t\t\t<\/div>\n\t\t\t\t<\/div>\n\t\t\t\t<\/div>\n\t\t<div class=\"elementor-element elementor-element-9218ccc e-con-full cmn-content-box-container e-flex e-con e-child\" data-id=\"9218ccc\" data-element_type=\"container\" data-e-type=\"container\">\n\t\t\t\t<div class=\"elementor-element elementor-element-4302fb1 elementor-widget elementor-widget-heading\" data-id=\"4302fb1\" data-element_type=\"widget\" data-e-type=\"widget\" data-widget_type=\"heading.default\">\n\t\t\t\t<div class=\"elementor-widget-container\">\n\t\t\t\t\t<h2 class=\"elementor-heading-title elementor-size-default\">Contact us<\/h2>\t\t\t\t<\/div>\n\t\t\t\t<\/div>\n\t\t\t\t<div class=\"elementor-element elementor-element-1f17759 custom-list elementor-widget elementor-widget-text-editor\" data-id=\"1f17759\" data-element_type=\"widget\" data-e-type=\"widget\" data-widget_type=\"text-editor.default\">\n\t\t\t\t<div class=\"elementor-widget-container\">\n\t\t\t\t\t\t\t\t\t<p>Create the starting point for successful conversations with investors and journalists with an individual fact sheet. You receive the precisely formulated and clearly structured fact sheet in your desired format. Order your fact sheet now and lay the groundwork for a successful bond placement!<\/p><p style=\"margin-top: 1em;\"><strong>Find selected Bond fact sheets for download here<\/strong><\/p><ul><li><a title=\"Ferratum Factsheet\" href=\"\/wp-content\/uploads\/2017\/04\/e_Ferratum_Factsheet_Anleihe_160607.pdf\" target=\"_blank\" rel=\"noopener\">Ferratum<\/a><\/li><\/ul>\t\t\t\t\t\t\t\t<\/div>\n\t\t\t\t<\/div>\n\t\t\t\t<\/div>\n\t\t\t\t<\/div>\n\t\t\t\t<\/div>\n\t\t\t\t\t<\/div>\n\t\t\t\t<\/div>\n\t\t\t\t<\/div>\n\t\t","protected":false},"excerpt":{"rendered":"<p>Bond fact sheet Ein ansprechendes und klar strukturiertes Bond-Factsheet ist f\u00fcr jeden Anleiheemittenten ein n\u00fctzlicher Begleiter bei Journalisten- und Anlegergespr\u00e4chen. Das auf die Anleiheemission zugeschnittene Factsheet fasst die wesentlichen Fakten Ihres Unternehmens pr\u00e4zise in einem zumeist doppelseitig im DIN A5- oder DIN A4-Format erstellten Dokument zusammen. F\u00fcr Anleger, die mit Ihrem Unternehmen und der Branche [&hellip;]<\/p>\n","protected":false},"author":1,"featured_media":0,"parent":3427,"menu_order":0,"comment_status":"closed","ping_status":"open","template":"","meta":{"_acf_changed":false,"footnotes":""},"class_list":["post-4955","page","type-page","status-publish","hentry"],"acf":[],"yoast_head":"<!-- This site is optimized with the Yoast SEO Premium plugin v26.2 (Yoast SEO v27.4) - https:\/\/yoast.com\/product\/yoast-seo-premium-wordpress\/ -->\n<title>Bond Fact Sheet - cometis AG<\/title>\n<meta name=\"description\" content=\"In the Bond Fact Sheet, investors can find all the important facts on bond issuance at a glance. cometis AG helps you with the content and graphical creation of the Fact Sheet.\" \/>\n<meta name=\"robots\" content=\"index, follow, max-snippet:-1, max-image-preview:large, max-video-preview:-1\" \/>\n<link rel=\"canonical\" href=\"https:\/\/www.cometis.de\/en\/services\/bond-communication\/bond-fact-sheet\/\" \/>\n<meta property=\"og:locale\" content=\"en_US\" \/>\n<meta property=\"og:type\" content=\"article\" \/>\n<meta property=\"og:title\" content=\"Bond Fact Sheet\" \/>\n<meta property=\"og:description\" content=\"In the Bond Fact Sheet, investors can find all the important facts on bond issuance at a glance. cometis AG helps you with the content and graphical creation of the Fact Sheet.\" \/>\n<meta property=\"og:url\" content=\"https:\/\/www.cometis.de\/en\/services\/bond-communication\/bond-fact-sheet\/\" \/>\n<meta property=\"og:site_name\" content=\"cometis AG\" \/>\n<meta property=\"article:modified_time\" content=\"2025-02-18T06:59:13+00:00\" \/>\n<meta property=\"og:image\" content=\"https:\/\/www.cometis.de\/wp-content\/uploads\/2024\/12-old\/Cometis-Mobile-Logo-1.png\" \/>\n\t<meta property=\"og:image:width\" content=\"171\" \/>\n\t<meta property=\"og:image:height\" content=\"31\" \/>\n\t<meta property=\"og:image:type\" content=\"image\/png\" \/>\n<meta name=\"twitter:card\" content=\"summary_large_image\" \/>\n<meta name=\"twitter:label1\" content=\"Est. reading time\" \/>\n\t<meta name=\"twitter:data1\" content=\"2 minutes\" \/>\n<script type=\"application\/ld+json\" class=\"yoast-schema-graph\">{\"@context\":\"https:\\\/\\\/schema.org\",\"@graph\":[{\"@type\":\"WebPage\",\"@id\":\"https:\\\/\\\/www.cometis.de\\\/en\\\/services\\\/bond-communication\\\/bond-fact-sheet\\\/\",\"url\":\"https:\\\/\\\/www.cometis.de\\\/en\\\/services\\\/bond-communication\\\/bond-fact-sheet\\\/\",\"name\":\"Bond Fact Sheet - cometis AG\",\"isPartOf\":{\"@id\":\"https:\\\/\\\/www.cometis.de\\\/en\\\/#website\"},\"datePublished\":\"2025-01-23T10:59:41+00:00\",\"dateModified\":\"2025-02-18T06:59:13+00:00\",\"description\":\"In the Bond Fact Sheet, investors can find all the important facts on bond issuance at a glance. cometis AG helps you with the content and graphical creation of the Fact Sheet.\",\"breadcrumb\":{\"@id\":\"https:\\\/\\\/www.cometis.de\\\/en\\\/services\\\/bond-communication\\\/bond-fact-sheet\\\/#breadcrumb\"},\"inLanguage\":\"en-US\",\"potentialAction\":[{\"@type\":\"ReadAction\",\"target\":[\"https:\\\/\\\/www.cometis.de\\\/en\\\/services\\\/bond-communication\\\/bond-fact-sheet\\\/\"]}]},{\"@type\":\"BreadcrumbList\",\"@id\":\"https:\\\/\\\/www.cometis.de\\\/en\\\/services\\\/bond-communication\\\/bond-fact-sheet\\\/#breadcrumb\",\"itemListElement\":[{\"@type\":\"ListItem\",\"position\":1,\"name\":\"Home\",\"item\":\"https:\\\/\\\/www.cometis.de\\\/en\\\/\"},{\"@type\":\"ListItem\",\"position\":2,\"name\":\"Services\",\"item\":\"https:\\\/\\\/www.cometis.de\\\/en\\\/services\\\/\"},{\"@type\":\"ListItem\",\"position\":3,\"name\":\"Bond Communication\",\"item\":\"https:\\\/\\\/www.cometis.de\\\/en\\\/services\\\/anleihe\\\/\"},{\"@type\":\"ListItem\",\"position\":4,\"name\":\"Bond Fact Sheet\"}]},{\"@type\":\"WebSite\",\"@id\":\"https:\\\/\\\/www.cometis.de\\\/en\\\/#website\",\"url\":\"https:\\\/\\\/www.cometis.de\\\/en\\\/\",\"name\":\"cometis AG\",\"description\":\"Deutschlands f\u00fchrende Investor Relations Agentur\",\"publisher\":{\"@id\":\"https:\\\/\\\/www.cometis.de\\\/en\\\/#organization\"},\"potentialAction\":[{\"@type\":\"SearchAction\",\"target\":{\"@type\":\"EntryPoint\",\"urlTemplate\":\"https:\\\/\\\/www.cometis.de\\\/en\\\/?s={search_term_string}\"},\"query-input\":{\"@type\":\"PropertyValueSpecification\",\"valueRequired\":true,\"valueName\":\"search_term_string\"}}],\"inLanguage\":\"en-US\"},{\"@type\":\"Organization\",\"@id\":\"https:\\\/\\\/www.cometis.de\\\/en\\\/#organization\",\"name\":\"cometis AG\",\"alternateName\":\"Deutschlands f\u00fchrende Investor Relations Agentur\",\"url\":\"https:\\\/\\\/www.cometis.de\\\/en\\\/\",\"logo\":{\"@type\":\"ImageObject\",\"inLanguage\":\"en-US\",\"@id\":\"https:\\\/\\\/www.cometis.de\\\/en\\\/#\\\/schema\\\/logo\\\/image\\\/\",\"url\":\"https:\\\/\\\/www.cometis.de\\\/wp-content\\\/uploads\\\/2024\\\/12-old\\\/Cometis-Mobile-Logo-1.png\",\"contentUrl\":\"https:\\\/\\\/www.cometis.de\\\/wp-content\\\/uploads\\\/2024\\\/12-old\\\/Cometis-Mobile-Logo-1.png\",\"width\":171,\"height\":31,\"caption\":\"cometis AG\"},\"image\":{\"@id\":\"https:\\\/\\\/www.cometis.de\\\/en\\\/#\\\/schema\\\/logo\\\/image\\\/\"},\"sameAs\":[\"https:\\\/\\\/www.linkedin.com\\\/company\\\/cometis-ag\\\/\",\"https:\\\/\\\/www.youtube.com\\\/user\\\/cometisAG\"]}]}<\/script>\n<!-- \/ Yoast SEO Premium plugin. -->","yoast_head_json":{"title":"Bond Fact Sheet - cometis AG","description":"In the Bond Fact Sheet, investors can find all the important facts on bond issuance at a glance. cometis AG helps you with the content and graphical creation of the Fact Sheet.","robots":{"index":"index","follow":"follow","max-snippet":"max-snippet:-1","max-image-preview":"max-image-preview:large","max-video-preview":"max-video-preview:-1"},"canonical":"https:\/\/www.cometis.de\/en\/services\/bond-communication\/bond-fact-sheet\/","og_locale":"en_US","og_type":"article","og_title":"Bond Fact Sheet","og_description":"In the Bond Fact Sheet, investors can find all the important facts on bond issuance at a glance. cometis AG helps you with the content and graphical creation of the Fact Sheet.","og_url":"https:\/\/www.cometis.de\/en\/services\/bond-communication\/bond-fact-sheet\/","og_site_name":"cometis AG","article_modified_time":"2025-02-18T06:59:13+00:00","og_image":[{"width":171,"height":31,"url":"https:\/\/www.cometis.de\/wp-content\/uploads\/2024\/12-old\/Cometis-Mobile-Logo-1.png","type":"image\/png"}],"twitter_card":"summary_large_image","twitter_misc":{"Est. reading time":"2 minutes"},"schema":{"@context":"https:\/\/schema.org","@graph":[{"@type":"WebPage","@id":"https:\/\/www.cometis.de\/en\/services\/bond-communication\/bond-fact-sheet\/","url":"https:\/\/www.cometis.de\/en\/services\/bond-communication\/bond-fact-sheet\/","name":"Bond Fact Sheet - cometis AG","isPartOf":{"@id":"https:\/\/www.cometis.de\/en\/#website"},"datePublished":"2025-01-23T10:59:41+00:00","dateModified":"2025-02-18T06:59:13+00:00","description":"In the Bond Fact Sheet, investors can find all the important facts on bond issuance at a glance. cometis AG helps you with the content and graphical creation of the Fact Sheet.","breadcrumb":{"@id":"https:\/\/www.cometis.de\/en\/services\/bond-communication\/bond-fact-sheet\/#breadcrumb"},"inLanguage":"en-US","potentialAction":[{"@type":"ReadAction","target":["https:\/\/www.cometis.de\/en\/services\/bond-communication\/bond-fact-sheet\/"]}]},{"@type":"BreadcrumbList","@id":"https:\/\/www.cometis.de\/en\/services\/bond-communication\/bond-fact-sheet\/#breadcrumb","itemListElement":[{"@type":"ListItem","position":1,"name":"Home","item":"https:\/\/www.cometis.de\/en\/"},{"@type":"ListItem","position":2,"name":"Services","item":"https:\/\/www.cometis.de\/en\/services\/"},{"@type":"ListItem","position":3,"name":"Bond Communication","item":"https:\/\/www.cometis.de\/en\/services\/anleihe\/"},{"@type":"ListItem","position":4,"name":"Bond Fact Sheet"}]},{"@type":"WebSite","@id":"https:\/\/www.cometis.de\/en\/#website","url":"https:\/\/www.cometis.de\/en\/","name":"cometis AG","description":"Deutschlands f\u00fchrende Investor Relations Agentur","publisher":{"@id":"https:\/\/www.cometis.de\/en\/#organization"},"potentialAction":[{"@type":"SearchAction","target":{"@type":"EntryPoint","urlTemplate":"https:\/\/www.cometis.de\/en\/?s={search_term_string}"},"query-input":{"@type":"PropertyValueSpecification","valueRequired":true,"valueName":"search_term_string"}}],"inLanguage":"en-US"},{"@type":"Organization","@id":"https:\/\/www.cometis.de\/en\/#organization","name":"cometis AG","alternateName":"Deutschlands f\u00fchrende Investor Relations Agentur","url":"https:\/\/www.cometis.de\/en\/","logo":{"@type":"ImageObject","inLanguage":"en-US","@id":"https:\/\/www.cometis.de\/en\/#\/schema\/logo\/image\/","url":"https:\/\/www.cometis.de\/wp-content\/uploads\/2024\/12-old\/Cometis-Mobile-Logo-1.png","contentUrl":"https:\/\/www.cometis.de\/wp-content\/uploads\/2024\/12-old\/Cometis-Mobile-Logo-1.png","width":171,"height":31,"caption":"cometis AG"},"image":{"@id":"https:\/\/www.cometis.de\/en\/#\/schema\/logo\/image\/"},"sameAs":["https:\/\/www.linkedin.com\/company\/cometis-ag\/","https:\/\/www.youtube.com\/user\/cometisAG"]}]}},"_links":{"self":[{"href":"https:\/\/www.cometis.de\/en\/wp-json\/wp\/v2\/pages\/4955","targetHints":{"allow":["GET"]}}],"collection":[{"href":"https:\/\/www.cometis.de\/en\/wp-json\/wp\/v2\/pages"}],"about":[{"href":"https:\/\/www.cometis.de\/en\/wp-json\/wp\/v2\/types\/page"}],"author":[{"embeddable":true,"href":"https:\/\/www.cometis.de\/en\/wp-json\/wp\/v2\/users\/1"}],"replies":[{"embeddable":true,"href":"https:\/\/www.cometis.de\/en\/wp-json\/wp\/v2\/comments?post=4955"}],"version-history":[{"count":3,"href":"https:\/\/www.cometis.de\/en\/wp-json\/wp\/v2\/pages\/4955\/revisions"}],"predecessor-version":[{"id":107866,"href":"https:\/\/www.cometis.de\/en\/wp-json\/wp\/v2\/pages\/4955\/revisions\/107866"}],"up":[{"embeddable":true,"href":"https:\/\/www.cometis.de\/en\/wp-json\/wp\/v2\/pages\/3427"}],"wp:attachment":[{"href":"https:\/\/www.cometis.de\/en\/wp-json\/wp\/v2\/media?parent=4955"}],"curies":[{"name":"wp","href":"https:\/\/api.w.org\/{rel}","templated":true}]}}